{"id":224753,"date":"2026-03-17T12:36:17","date_gmt":"2026-03-17T11:36:17","guid":{"rendered":"https:\/\/espacegabert.com\/?post_type=product&#038;p=224753"},"modified":"2026-04-02T17:14:43","modified_gmt":"2026-04-02T15:14:43","slug":"jura-j10-piano-black-sa","status":"publish","type":"product","link":"https:\/\/espacegabert.com\/en\/produit\/jura-j10-piano-black-sa\/","title":{"rendered":"JURA J10 Piano Black (SA)"},"content":{"rendered":"<h2 class=\"mb-11.5 text-6\/7 font-medium md:mb-11 md:text-9\/10 lg:col-span-8 lg:col-start-3 lg:items-center\">Une infinie diversit\u00e9 de d\u00e9gustations en toute \u00e9l\u00e9gance<\/h2>\n<p>&nbsp;<\/p>\n<div class=\"richtext mb-7.5 md:mb-12.5 lg:col-span-8 lg:col-start-3 lg:items-center\">\n<p>La J10 allie un double r\u00e9pertoire de sp\u00e9cialit\u00e9s \u00e0 une conception sophistiqu\u00e9e pour cr\u00e9er une \u0153uvre d\u2019art compl\u00e8te. Elle ma\u00eetrise tous les classiques du caf\u00e9 \u00e0 la perfection. Et gr\u00e2ce au Cold Extraction Process, elle pr\u00e9pare aussi des sp\u00e9cialit\u00e9s Cold Brew selon la m\u00e9thode espresso pour un r\u00e9sultat exceptionnel dans la tasse.<\/p>\n<p>&nbsp;<\/p>\n<\/div>\n<div class=\"lg:col-span-8 lg:col-start-3 lg:items-center\">\n<div class=\"mb-6.5 md:mb-7.5\" data-testid=\"read-more\">\n<div id=\"more-info\" class=\"mb-7.5 text-center\" data-testid=\"read-more-content\">\n<div class=\"richtext\">\n<p>Si vous le souhaitez, la J10 peut m\u00eame couronner votre caf\u00e9 d\u2019une mousse de lait subtilement sucr\u00e9e qui vous ouvre les portes d\u2019une toute nouvelle dimension de d\u00e9gustation. Dot\u00e9e de technologies de pointe telles que le broyeur P.A.G.2<sup>+<\/sup>\u00a0avec contr\u00f4le de la finesse de mouture, le Coffee Eye, un concept de commande intuitif et le nettoyage One-Touch du syst\u00e8me de lait, la J10 exauce tous les souhaits. Son design intemporel, rehauss\u00e9 par des mat\u00e9riaux haut de gamme et des lignes \u00e9pur\u00e9es d\u2019une harmonieuse sym\u00e9trie, est le reflet de ses qualit\u00e9s int\u00e9rieures.<\/p>\n<\/div>\n<\/div>\n<\/div>\n<\/div>\n","protected":false},"excerpt":{"rendered":"<p>Une infinie diversit\u00e9 de d\u00e9gustations en toute \u00e9l\u00e9gance &nbsp; La J10 allie un double r\u00e9pertoire de sp\u00e9cialit\u00e9s \u00e0 une conception sophistiqu\u00e9e pour cr\u00e9er une \u0153uvre d\u2019art compl\u00e8te. Elle ma\u00eetrise tous les classiques du caf\u00e9 \u00e0 la perfection. Et gr\u00e2ce au Cold Extraction Process, elle pr\u00e9pare aussi des sp\u00e9cialit\u00e9s Cold Brew selon la m\u00e9thode espresso pour [&hellip;]<\/p>\n","protected":false},"featured_media":226436,"template":"","meta":{"_acf_changed":false,"_et_pb_use_builder":"off","_et_pb_old_content":"Une infinie diversit\u00e9 de d\u00e9gustations en toute \u00e9l\u00e9gance La J10 allie un double r\u00e9pertoire de sp\u00e9cialit\u00e9s \u00e0 une conception sophistiqu\u00e9e pour cr\u00e9er une \u0153uvre d\u2019art compl\u00e8te. Elle ma\u00eetrise tous les classiques du caf\u00e9 \u00e0 la perfection. Et gr\u00e2ce au Cold Extraction Process, elle pr\u00e9pare aussi des sp\u00e9cialit\u00e9s Cold Brew selon la m\u00e9thode espresso pour un r\u00e9sultat exceptionnel dans la tasse. Si vous le souhaitez, la J10 peut m\u00eame couronner votre caf\u00e9 d\u2019une mousse de lait subtilement sucr\u00e9e qui vous ouvre les portes d\u2019une toute nouvelle dimension de d\u00e9gustation. Dot\u00e9e de technologies de pointe telles que le broyeur P.A.G.2+ avec contr\u00f4le de la finesse de mouture, le Coffee Eye, un concept de commande intuitif et le nettoyage One-Touch du syst\u00e8me de lait, la J10 exauce tous les souhaits. Son design intemporel, rehauss\u00e9 par des mat\u00e9riaux haut de gamme et des lignes \u00e9pur\u00e9es d\u2019une harmonieuse sym\u00e9trie, est le reflet de ses qualit\u00e9s int\u00e9rieures.","_et_gb_content_width":""},"product_brand":[804],"product_cat":[25,110,265],"product_tag":[],"class_list":{"0":"post-224753","1":"product","2":"type-product","3":"status-publish","4":"has-post-thumbnail","6":"product_brand-jura","7":"product_cat-jura-particulier","8":"product_cat-ligne-j","9":"product_cat-machines-a-cafe-pour-particuliers","11":"first","12":"instock","13":"taxable","14":"shipping-taxable","15":"purchasable","16":"product-type-simple"},"acf":[],"_links":{"self":[{"href":"https:\/\/espacegabert.com\/en\/wp-json\/wp\/v2\/product\/224753","targetHints":{"allow":["GET"]}}],"collection":[{"href":"https:\/\/espacegabert.com\/en\/wp-json\/wp\/v2\/product"}],"about":[{"href":"https:\/\/espacegabert.com\/en\/wp-json\/wp\/v2\/types\/product"}],"wp:featuredmedia":[{"embeddable":true,"href":"https:\/\/espacegabert.com\/en\/wp-json\/wp\/v2\/media\/226436"}],"wp:attachment":[{"href":"https:\/\/espacegabert.com\/en\/wp-json\/wp\/v2\/media?parent=224753"}],"wp:term":[{"taxonomy":"product_brand","embeddable":true,"href":"https:\/\/espacegabert.com\/en\/wp-json\/wp\/v2\/product_brand?post=224753"},{"taxonomy":"product_cat","embeddable":true,"href":"https:\/\/espacegabert.com\/en\/wp-json\/wp\/v2\/product_cat?post=224753"},{"taxonomy":"product_tag","embeddable":true,"href":"https:\/\/espacegabert.com\/en\/wp-json\/wp\/v2\/product_tag?post=224753"}],"curies":[{"name":"wp","href":"https:\/\/api.w.org\/{rel}","templated":true}]}}