{"id":225095,"date":"2026-03-24T12:25:53","date_gmt":"2026-03-24T11:25:53","guid":{"rendered":"https:\/\/espacegabert.com\/?post_type=product&#038;p=225095"},"modified":"2026-04-02T14:57:59","modified_gmt":"2026-04-02T12:57:59","slug":"jura-e8-cosmic-black-sd","status":"publish","type":"product","link":"https:\/\/espacegabert.com\/en\/produit\/jura-e8-cosmic-black-sd\/","title":{"rendered":"JURA E8 Cosmic Black (SD)"},"content":{"rendered":"<h2 class=\"mb-11.5 text-6\/7 font-medium md:mb-11 md:text-9\/10 lg:col-span-8 lg:col-start-3 lg:items-center\">Appr\u00e9ci\u00e9e, convoit\u00e9e, impressionnante<\/h2>\n<p>&nbsp;<\/p>\n<div class=\"richtext mb-7.5 md:mb-12.5 lg:col-span-8 lg:col-start-3 lg:items-center\">\n<p>Le mod\u00e8le de machine \u00e0 caf\u00e9 le plus populaire de JURA arrive \u00e0 sa cinqui\u00e8me g\u00e9n\u00e9ration avec un confort r\u00e9volutionnaire et trois univers de d\u00e9gustation captivants. Le Hot Brew classique, le Light Brew et le Sweet Foam cr\u00e9ent des moments de caf\u00e9 incomparables, rendus accessibles gr\u00e2ce \u00e0 la E8.<\/p>\n<p>&nbsp;<\/p>\n<\/div>\n<div class=\"lg:col-span-8 lg:col-start-3 lg:items-center\">\n<div class=\"mb-6.5 md:mb-7.5\" data-testid=\"read-more\">\n<div id=\"more-info\" class=\"mb-7.5 text-center\" data-testid=\"read-more-content\">\n<div class=\"richtext\">\n<p>Pour offrir une exp\u00e9rience de d\u00e9gustation vari\u00e9e et raffin\u00e9e, la E8 int\u00e8gre tous les standards de JURA et le Light Extraction Process. Elle pr\u00e9pare le Hot Brew classique pour une intensit\u00e9 aromatique maximale et extrait le Light Brew \u00e0 environ 60 \u00b0C pour une boisson l\u00e9g\u00e8re et pr\u00eate \u00e0 d\u00e9guster. Que ce soit en version Hot ou Light, ces deux univers sont sublim\u00e9s par la fonction Sweet Foam, qui propose d\u2019autres exp\u00e9riences gustatives.<\/p>\n<p>&nbsp;<\/p>\n<p>La E8 s\u00e9duit \u00e9galement par son intelligence technologique, notamment avec le Coffee Timer. Gr\u00e2ce \u00e0 lui, le caf\u00e9 du matin peut \u00eatre programm\u00e9 via l\u2019application J.O.E.<sup>\u00ae<\/sup>, fra\u00eechement moulu et pr\u00eat d\u00e8s le r\u00e9veil.<\/p>\n<p>&nbsp;<\/p>\n<p>Pour accompagner les routines quotidiennes et renforcer l\u2019engagement en mati\u00e8re de durabilit\u00e9, la nouvelle g\u00e9n\u00e9ration de machines \u00e0 caf\u00e9 JURA int\u00e8gre le Quality Assistant. Ce dernier garantit une qualit\u00e9 de caf\u00e9 encore meilleure et prolonge la dur\u00e9e de vie de la machine.<\/p>\n<p>&nbsp;<\/p>\n<p>Avec son style raffin\u00e9, la E8 s\u2019impose avec \u00e9l\u00e9gance. Gr\u00e2ce \u00e0 sa largeur de seulement 27 cm, elle s\u2019int\u00e8gre parfaitement dans les petites cuisines tout en offrant une pr\u00e9sence marquante, tant par son design que par l\u2019exp\u00e9rience caf\u00e9 qu\u2019elle procure.<\/p>\n<\/div>\n<\/div>\n<\/div>\n<\/div>\n","protected":false},"excerpt":{"rendered":"<p>Appr\u00e9ci\u00e9e, convoit\u00e9e, impressionnante &nbsp; Le mod\u00e8le de machine \u00e0 caf\u00e9 le plus populaire de JURA arrive \u00e0 sa cinqui\u00e8me g\u00e9n\u00e9ration avec un confort r\u00e9volutionnaire et trois univers de d\u00e9gustation captivants. Le Hot Brew classique, le Light Brew et le Sweet Foam cr\u00e9ent des moments de caf\u00e9 incomparables, rendus accessibles gr\u00e2ce \u00e0 la E8. &nbsp; Pour [&hellip;]<\/p>\n","protected":false},"featured_media":226293,"template":"","meta":{"_acf_changed":false,"_et_pb_use_builder":"","_et_pb_old_content":"","_et_gb_content_width":""},"product_brand":[804],"product_cat":[25,112,265],"product_tag":[],"class_list":{"0":"post-225095","1":"product","2":"type-product","3":"status-publish","4":"has-post-thumbnail","6":"product_brand-jura","7":"product_cat-jura-particulier","8":"product_cat-ligne-e","9":"product_cat-machines-a-cafe-pour-particuliers","11":"first","12":"instock","13":"taxable","14":"shipping-taxable","15":"purchasable","16":"product-type-simple"},"acf":[],"_links":{"self":[{"href":"https:\/\/espacegabert.com\/en\/wp-json\/wp\/v2\/product\/225095","targetHints":{"allow":["GET"]}}],"collection":[{"href":"https:\/\/espacegabert.com\/en\/wp-json\/wp\/v2\/product"}],"about":[{"href":"https:\/\/espacegabert.com\/en\/wp-json\/wp\/v2\/types\/product"}],"wp:featuredmedia":[{"embeddable":true,"href":"https:\/\/espacegabert.com\/en\/wp-json\/wp\/v2\/media\/226293"}],"wp:attachment":[{"href":"https:\/\/espacegabert.com\/en\/wp-json\/wp\/v2\/media?parent=225095"}],"wp:term":[{"taxonomy":"product_brand","embeddable":true,"href":"https:\/\/espacegabert.com\/en\/wp-json\/wp\/v2\/product_brand?post=225095"},{"taxonomy":"product_cat","embeddable":true,"href":"https:\/\/espacegabert.com\/en\/wp-json\/wp\/v2\/product_cat?post=225095"},{"taxonomy":"product_tag","embeddable":true,"href":"https:\/\/espacegabert.com\/en\/wp-json\/wp\/v2\/product_tag?post=225095"}],"curies":[{"name":"wp","href":"https:\/\/api.w.org\/{rel}","templated":true}]}}