{"id":225387,"date":"2026-03-24T16:50:22","date_gmt":"2026-03-24T15:50:22","guid":{"rendered":"https:\/\/espacegabert.com\/?post_type=product&#038;p=225387"},"modified":"2026-04-02T21:56:25","modified_gmt":"2026-04-02T19:56:25","slug":"jura-j10-twin-diamond-onyx-sa","status":"publish","type":"product","link":"https:\/\/espacegabert.com\/en\/produit\/jura-j10-twin-diamond-onyx-sa\/","title":{"rendered":"JURA J10 twin Diamond Onyx (SA)"},"content":{"rendered":"<h2 class=\"mb-11.5 text-6\/7 font-medium md:mb-11 md:text-9\/10 lg:col-span-8 lg:col-start-3 lg:items-center\">Deux broyeurs pour deux vari\u00e9t\u00e9s de caf\u00e9 diff\u00e9rentes<\/h2>\n<p>&nbsp;<\/p>\n<div class=\"richtext mb-7.5 md:mb-12.5 lg:col-span-8 lg:col-start-3 lg:items-center\">\n<p>Dot\u00e9e de multiples talents, cette machine propose une exp\u00e9rience polyvalente. La J10 twin est \u00e9quip\u00e9e de deux broyeurs de pr\u00e9cision P.A.G.3<sup>+\u00a0<\/sup>et sublime chaque vari\u00e9t\u00e9 de caf\u00e9 pour le plaisir d\u2019un caf\u00e9 parfait.<\/p>\n<p>&nbsp;<\/p>\n<\/div>\n<div class=\"lg:col-span-8 lg:col-start-3 lg:items-center\">\n<div class=\"mb-6.5 md:mb-7.5\" data-testid=\"read-more\">\n<div id=\"more-info\" class=\"mb-7.5 text-center\" data-testid=\"read-more-content\">\n<div class=\"richtext\">\n<p>Premier mod\u00e8le de la ligne J, elle s\u00e9duit par ses sp\u00e9cialit\u00e9s de Hot Brews aromatiques et allong\u00e9es, ses Cold Brews tendance et ses Light Brews doux et aromatiques, rehauss\u00e9s sur demande d\u2019une mousse de lait subtilement sucr\u00e9e. Ainsi, pas moins de 46 options diff\u00e9rentes sont disponibles pour savourer des moments de caf\u00e9 aromatiques, cr\u00e9atifs et rafra\u00eechissants.<\/p>\n<p>&nbsp;<\/p>\n<p>Gr\u00e2ce \u00e0 l\u2019ing\u00e9nierie suisse, la J10 twin est un chef-d\u2019\u0153uvre technique qui offre le plaisir d\u2019un caf\u00e9 parfait de mani\u00e8re extr\u00eamement vari\u00e9e. Les broyeurs de cette machine polyvalente sont synonymes de pr\u00e9cision, de long\u00e9vit\u00e9, avec un atout suppl\u00e9mentaire pour le plaisir personnalis\u00e9 ultime.<br \/>\nAvec son design moderne, ses mat\u00e9riaux de qualit\u00e9 et sa grande convivialit\u00e9, la J10 twin incarne \u00e0 la fois la qualit\u00e9 haut de gamme et la fonctionnalit\u00e9.<\/p>\n<\/div>\n<\/div>\n<\/div>\n<\/div>\n","protected":false},"excerpt":{"rendered":"<p>Deux broyeurs pour deux vari\u00e9t\u00e9s de caf\u00e9 diff\u00e9rentes &nbsp; Dot\u00e9e de multiples talents, cette machine propose une exp\u00e9rience polyvalente. La J10 twin est \u00e9quip\u00e9e de deux broyeurs de pr\u00e9cision P.A.G.3+\u00a0et sublime chaque vari\u00e9t\u00e9 de caf\u00e9 pour le plaisir d\u2019un caf\u00e9 parfait. &nbsp; Premier mod\u00e8le de la ligne J, elle s\u00e9duit par ses sp\u00e9cialit\u00e9s de Hot [&hellip;]<\/p>\n","protected":false},"featured_media":226485,"template":"","meta":{"_acf_changed":false,"_et_pb_use_builder":"","_et_pb_old_content":"","_et_gb_content_width":""},"product_brand":[804],"product_cat":[25,110,265],"product_tag":[],"class_list":{"0":"post-225387","1":"product","2":"type-product","3":"status-publish","4":"has-post-thumbnail","6":"product_brand-jura","7":"product_cat-jura-particulier","8":"product_cat-ligne-j","9":"product_cat-machines-a-cafe-pour-particuliers","11":"first","12":"instock","13":"taxable","14":"shipping-taxable","15":"purchasable","16":"product-type-simple"},"acf":[],"_links":{"self":[{"href":"https:\/\/espacegabert.com\/en\/wp-json\/wp\/v2\/product\/225387","targetHints":{"allow":["GET"]}}],"collection":[{"href":"https:\/\/espacegabert.com\/en\/wp-json\/wp\/v2\/product"}],"about":[{"href":"https:\/\/espacegabert.com\/en\/wp-json\/wp\/v2\/types\/product"}],"wp:featuredmedia":[{"embeddable":true,"href":"https:\/\/espacegabert.com\/en\/wp-json\/wp\/v2\/media\/226485"}],"wp:attachment":[{"href":"https:\/\/espacegabert.com\/en\/wp-json\/wp\/v2\/media?parent=225387"}],"wp:term":[{"taxonomy":"product_brand","embeddable":true,"href":"https:\/\/espacegabert.com\/en\/wp-json\/wp\/v2\/product_brand?post=225387"},{"taxonomy":"product_cat","embeddable":true,"href":"https:\/\/espacegabert.com\/en\/wp-json\/wp\/v2\/product_cat?post=225387"},{"taxonomy":"product_tag","embeddable":true,"href":"https:\/\/espacegabert.com\/en\/wp-json\/wp\/v2\/product_tag?post=225387"}],"curies":[{"name":"wp","href":"https:\/\/api.w.org\/{rel}","templated":true}]}}