{"id":225467,"date":"2026-03-24T21:13:49","date_gmt":"2026-03-24T20:13:49","guid":{"rendered":"https:\/\/espacegabert.com\/?post_type=product&#038;p=225467"},"modified":"2026-04-02T22:22:44","modified_gmt":"2026-04-02T20:22:44","slug":"jura-z10-aluminium-white-sb","status":"publish","type":"product","link":"https:\/\/espacegabert.com\/en\/produit\/jura-z10-aluminium-white-sb\/","title":{"rendered":"JURA Z10 Aluminium White (SB)"},"content":{"rendered":"<h2 class=\"mb-11.5 text-6\/7 font-medium md:mb-11 md:text-9\/10 lg:col-span-8 lg:col-start-3 lg:items-center\">51\u00a0sp\u00e9cialit\u00e9s\u00a0\u2013\u00a0Hot, Light, Cold et Sweet<\/h2>\n<p>&nbsp;<\/p>\n<div class=\"richtext mb-7.5 md:mb-12.5 lg:col-span-8 lg:col-start-3 lg:items-center\">\n<p>La Z10 c\u00e9l\u00e8bre toute la richesse de l\u2019univers du caf\u00e9 et se pr\u00e9sente dans sa deuxi\u00e8me g\u00e9n\u00e9ration avec une palette impressionnante de sp\u00e9cialit\u00e9s. \u00c0 travers quatre univers de d\u00e9gustation &#8211; Hot, Cold, Light et Sweet &#8211; elle r\u00e9v\u00e8le toute son expertise caf\u00e9 en composant une v\u00e9ritable symphonie de notes intenses, fruit\u00e9es, douces et subtilement sucr\u00e9es.<\/p>\n<p>&nbsp;<\/p>\n<\/div>\n<div class=\"lg:col-span-8 lg:col-start-3 lg:items-center\">\n<div class=\"mb-6.5 md:mb-7.5\" data-testid=\"read-more\">\n<div id=\"more-info\" class=\"mb-7.5 text-center\" data-testid=\"read-more-content\">\n<div class=\"richtext\">\n<p>Au total, elle pr\u00e9pare 51 sp\u00e9cialit\u00e9s : depuis les grands classiques comme l\u2019espresso et le cappuccino jusqu\u2019aux boissons tendance les plus pris\u00e9es. Son univers Sweet Foam s\u2019enrichit \u00e9galement d\u2019un caract\u00e8re nouveau et incomparable : gr\u00e2ce au r\u00e9servoir \u00e0 chocolat, le mocaccino et la mousse chocolat\u00e9e ne sont qu\u2019\u00e0 un simple effleurement du plaisir absolu avec la Z10. Le Long Black, tr\u00e8s appr\u00e9ci\u00e9 en Australie et en Nouvelle-Z\u00e9lande, rejoint lui aussi la s\u00e9lection de cette machine automatique \u00e0 caf\u00e9 haut de gamme, et s\u00e9duit par son profil tout en douceur.<\/p>\n<p>&nbsp;<\/p>\n<p>Pour offrir une expertise d\u2019exception, la Z10 est \u00e9quip\u00e9e d\u2019un broyeur de pr\u00e9cision P.R.G.2<sup>+<\/sup>, ma\u00eetrise cinq processus de percolation diff\u00e9rents et int\u00e8gre des technologies innovantes. Coffee Timer, r\u00e9gulateur de caf\u00e9ine, Milk Assistant et Quality Assistant forment le quatuor intelligent exclusif \u00e0 la Z10, soulignant son excellence incomparable.<\/p>\n<p>&nbsp;<\/p>\n<p>V\u00e9ritable virtuose des sp\u00e9cialit\u00e9s, elle reste fid\u00e8le \u00e0 son design : une \u00e9l\u00e9gance intemporelle alli\u00e9e \u00e0 une grande pr\u00e9cision dans les moindres d\u00e9tails \u2013 pour un plaisir authentique et durable.<\/p>\n<\/div>\n<\/div>\n<\/div>\n<\/div>\n","protected":false},"excerpt":{"rendered":"<p>51\u00a0sp\u00e9cialit\u00e9s\u00a0\u2013\u00a0Hot, Light, Cold et Sweet &nbsp; La Z10 c\u00e9l\u00e8bre toute la richesse de l\u2019univers du caf\u00e9 et se pr\u00e9sente dans sa deuxi\u00e8me g\u00e9n\u00e9ration avec une palette impressionnante de sp\u00e9cialit\u00e9s. \u00c0 travers quatre univers de d\u00e9gustation &#8211; Hot, Cold, Light et Sweet &#8211; elle r\u00e9v\u00e8le toute son expertise caf\u00e9 en composant une v\u00e9ritable symphonie de notes [&hellip;]<\/p>\n","protected":false},"featured_media":226530,"template":"","meta":{"_acf_changed":false,"_et_pb_use_builder":"","_et_pb_old_content":"","_et_gb_content_width":""},"product_brand":[804],"product_cat":[25,36,265],"product_tag":[],"class_list":{"0":"post-225467","1":"product","2":"type-product","3":"status-publish","4":"has-post-thumbnail","6":"product_brand-jura","7":"product_cat-jura-particulier","8":"product_cat-ligne-z","9":"product_cat-machines-a-cafe-pour-particuliers","11":"first","12":"instock","13":"taxable","14":"shipping-taxable","15":"purchasable","16":"product-type-simple"},"acf":[],"_links":{"self":[{"href":"https:\/\/espacegabert.com\/en\/wp-json\/wp\/v2\/product\/225467","targetHints":{"allow":["GET"]}}],"collection":[{"href":"https:\/\/espacegabert.com\/en\/wp-json\/wp\/v2\/product"}],"about":[{"href":"https:\/\/espacegabert.com\/en\/wp-json\/wp\/v2\/types\/product"}],"wp:featuredmedia":[{"embeddable":true,"href":"https:\/\/espacegabert.com\/en\/wp-json\/wp\/v2\/media\/226530"}],"wp:attachment":[{"href":"https:\/\/espacegabert.com\/en\/wp-json\/wp\/v2\/media?parent=225467"}],"wp:term":[{"taxonomy":"product_brand","embeddable":true,"href":"https:\/\/espacegabert.com\/en\/wp-json\/wp\/v2\/product_brand?post=225467"},{"taxonomy":"product_cat","embeddable":true,"href":"https:\/\/espacegabert.com\/en\/wp-json\/wp\/v2\/product_cat?post=225467"},{"taxonomy":"product_tag","embeddable":true,"href":"https:\/\/espacegabert.com\/en\/wp-json\/wp\/v2\/product_tag?post=225467"}],"curies":[{"name":"wp","href":"https:\/\/api.w.org\/{rel}","templated":true}]}}