{"id":225959,"date":"2026-04-01T23:03:11","date_gmt":"2026-04-01T21:03:11","guid":{"rendered":"https:\/\/espacegabert.com\/?post_type=product&#038;p=225959"},"modified":"2026-04-04T11:31:00","modified_gmt":"2026-04-04T09:31:00","slug":"rocket-espresso-appartamento-tca-noir-cuivre","status":"publish","type":"product","link":"https:\/\/espacegabert.com\/en\/produit\/rocket-espresso-appartamento-tca-noir-cuivre\/","title":{"rendered":"Rocket Espresso Appartamento TCA Noir\/Cuivre"},"content":{"rendered":"<h2>La nouvelle Appartamento TCA de Rocket Espresso est l&#8217;\u00e9volution parfaite d&#8217;un grand classique.<\/h2>\n<p>Cette version am\u00e9lior\u00e9e de la c\u00e9l\u00e8bre Rocket Appartamento se distingue \u00e0 la fois par un nouveau design et des fonctionnalit\u00e9s optimis\u00e9es.<\/p>\n<p>L&#8217;arri\u00e8re arrondi, la nouvelle forme de la t\u00eate d&#8217;extraction et le logo Rocket vertical \u00e0 l&#8217;arri\u00e8re de la machine ne sont que quelques-uns des nouveaux \u00e9l\u00e9ments de design qui attireront imm\u00e9diatement votre regard.<\/p>\n<p>TCA signifie \u00ab Temperature Control Adjustment \u00bb (r\u00e9glage du contr\u00f4le de la temp\u00e9rature), car cette nouvelle machine permet de r\u00e9gler la temp\u00e9rature d&#8217;extraction sur quatre niveaux.<\/p>\n<p>Gr\u00e2ce \u00e0 son temps de chauffe de seulement 10 minutes et \u00e0 l&#8217;isolation optimis\u00e9e de sa chaudi\u00e8re, la TCA figure parmi les machines \u00e0 expresso les plus \u00e9conomes en \u00e9nergie.<\/p>\n","protected":false},"excerpt":{"rendered":"<p>La nouvelle Appartamento TCA de Rocket Espresso est l&#8217;\u00e9volution parfaite d&#8217;un grand classique. Cette version am\u00e9lior\u00e9e de la c\u00e9l\u00e8bre Rocket Appartamento se distingue \u00e0 la fois par un nouveau design et des fonctionnalit\u00e9s optimis\u00e9es. L&#8217;arri\u00e8re arrondi, la nouvelle forme de la t\u00eate d&#8217;extraction et le logo Rocket vertical \u00e0 l&#8217;arri\u00e8re de la machine ne sont [&hellip;]<\/p>\n","protected":false},"featured_media":226854,"template":"","meta":{"_acf_changed":false,"_et_pb_use_builder":"","_et_pb_old_content":"","_et_gb_content_width":""},"product_brand":[807],"product_cat":[806],"product_tag":[],"class_list":{"0":"post-225959","1":"product","2":"type-product","3":"status-publish","4":"has-post-thumbnail","6":"product_brand-rocket","7":"product_cat-rocket-espresso","9":"first","10":"instock","11":"taxable","12":"shipping-taxable","13":"purchasable","14":"product-type-simple"},"acf":[],"_links":{"self":[{"href":"https:\/\/espacegabert.com\/en\/wp-json\/wp\/v2\/product\/225959","targetHints":{"allow":["GET"]}}],"collection":[{"href":"https:\/\/espacegabert.com\/en\/wp-json\/wp\/v2\/product"}],"about":[{"href":"https:\/\/espacegabert.com\/en\/wp-json\/wp\/v2\/types\/product"}],"wp:featuredmedia":[{"embeddable":true,"href":"https:\/\/espacegabert.com\/en\/wp-json\/wp\/v2\/media\/226854"}],"wp:attachment":[{"href":"https:\/\/espacegabert.com\/en\/wp-json\/wp\/v2\/media?parent=225959"}],"wp:term":[{"taxonomy":"product_brand","embeddable":true,"href":"https:\/\/espacegabert.com\/en\/wp-json\/wp\/v2\/product_brand?post=225959"},{"taxonomy":"product_cat","embeddable":true,"href":"https:\/\/espacegabert.com\/en\/wp-json\/wp\/v2\/product_cat?post=225959"},{"taxonomy":"product_tag","embeddable":true,"href":"https:\/\/espacegabert.com\/en\/wp-json\/wp\/v2\/product_tag?post=225959"}],"curies":[{"name":"wp","href":"https:\/\/api.w.org\/{rel}","templated":true}]}}