{"id":226013,"date":"2026-04-02T01:58:50","date_gmt":"2026-04-01T23:58:50","guid":{"rendered":"https:\/\/espacegabert.com\/?post_type=product&#038;p=226013"},"modified":"2026-04-04T17:30:07","modified_gmt":"2026-04-04T15:30:07","slug":"rocket-faustino-v2-noir-mat","status":"publish","type":"product","link":"https:\/\/espacegabert.com\/en\/produit\/rocket-faustino-v2-noir-mat\/","title":{"rendered":"Rocket Faustino V2 &#8211; Noir mat"},"content":{"rendered":"<h2><span dir=\"auto\">Le plus petit moulin \u00e0 caf\u00e9 de Rocket Espresso<\/span><\/h2>\n<p><span dir=\"auto\">Id\u00e9al pour un usage domestique et comme mod\u00e8le d&#8217;entr\u00e9e de gamme.<\/span><\/p>\n","protected":false},"excerpt":{"rendered":"<p>Le plus petit moulin \u00e0 caf\u00e9 de Rocket Espresso Id\u00e9al pour un usage domestique et comme mod\u00e8le d&#8217;entr\u00e9e de gamme.<\/p>\n","protected":false},"featured_media":226858,"template":"","meta":{"_acf_changed":false,"_et_pb_use_builder":"","_et_pb_old_content":"","_et_gb_content_width":""},"product_brand":[807],"product_cat":[806],"product_tag":[],"class_list":{"0":"post-226013","1":"product","2":"type-product","3":"status-publish","4":"has-post-thumbnail","6":"product_brand-rocket","7":"product_cat-rocket-espresso","9":"first","10":"instock","11":"taxable","12":"shipping-taxable","13":"purchasable","14":"product-type-simple"},"acf":[],"_links":{"self":[{"href":"https:\/\/espacegabert.com\/en\/wp-json\/wp\/v2\/product\/226013","targetHints":{"allow":["GET"]}}],"collection":[{"href":"https:\/\/espacegabert.com\/en\/wp-json\/wp\/v2\/product"}],"about":[{"href":"https:\/\/espacegabert.com\/en\/wp-json\/wp\/v2\/types\/product"}],"wp:featuredmedia":[{"embeddable":true,"href":"https:\/\/espacegabert.com\/en\/wp-json\/wp\/v2\/media\/226858"}],"wp:attachment":[{"href":"https:\/\/espacegabert.com\/en\/wp-json\/wp\/v2\/media?parent=226013"}],"wp:term":[{"taxonomy":"product_brand","embeddable":true,"href":"https:\/\/espacegabert.com\/en\/wp-json\/wp\/v2\/product_brand?post=226013"},{"taxonomy":"product_cat","embeddable":true,"href":"https:\/\/espacegabert.com\/en\/wp-json\/wp\/v2\/product_cat?post=226013"},{"taxonomy":"product_tag","embeddable":true,"href":"https:\/\/espacegabert.com\/en\/wp-json\/wp\/v2\/product_tag?post=226013"}],"curies":[{"name":"wp","href":"https:\/\/api.w.org\/{rel}","templated":true}]}}